{"id":93,"date":"2021-07-27T17:13:55","date_gmt":"2021-07-27T17:13:55","guid":{"rendered":"https:\/\/real-marina-residence.ms.decms.eu\/?page_id=93"},"modified":"2024-12-11T08:49:49","modified_gmt":"2024-12-11T08:49:49","slug":"contactos","status":"publish","type":"page","link":"https:\/\/www.realmarinaresidence.realhotelsgroup.com\/pt-pt\/contactos\/","title":{"rendered":"Contactos"},"content":{"rendered":"<p>O <strong>Real Marina Residence<\/strong> est\u00e1 localizado em <strong>Olh\u00e3o<\/strong> mesmo em frente \u00e0 <strong>Ria Formosa<\/strong> e \u00e0 Marina de Olh\u00e3o. Situado a aproximadamente 15 Km do <strong>Aeroporto de Faro<\/strong>.<\/p>\n<p>Se necessitar de mais informa\u00e7\u00f5es entre em contato connosco.<\/p>\n","protected":false},"excerpt":{"rendered":"<p>O Real Marina Residence est\u00e1 localizado em Olh\u00e3o mesmo em frente \u00e0 Ria Formosa e \u00e0 Marina de Olh\u00e3o. Situado a aproximadamente 15 Km do Aeroporto de Faro. Se necessitar de mais informa\u00e7\u00f5es entre em contato connosco.<\/p>\n","protected":false},"author":241,"featured_media":91,"parent":0,"menu_order":100,"comment_status":"closed","ping_status":"closed","template":"template-location.php","meta":{"footnotes":""},"class_list":["post-93","page","type-page","status-publish","has-post-thumbnail","hentry"],"yoast_head":"<!-- This site is optimized with the Yoast SEO plugin v26.9 - https:\/\/yoast.com\/product\/yoast-seo-wordpress\/ -->\n<title>Contactos - Real Marina Residence<\/title>\n<meta name=\"robots\" content=\"index, follow, max-snippet:-1, max-image-preview:large, max-video-preview:-1\" \/>\n<link rel=\"canonical\" href=\"https:\/\/www.realmarinaresidence.realhotelsgroup.com\/pt-pt\/contactos\/\" \/>\n<meta property=\"og:locale\" content=\"pt_PT\" \/>\n<meta property=\"og:type\" content=\"article\" \/>\n<meta property=\"og:title\" content=\"Contactos - Real Marina Residence\" \/>\n<meta property=\"og:description\" content=\"O Real Marina Residence est\u00e1 localizado em Olh\u00e3o mesmo em frente \u00e0 Ria Formosa e \u00e0 Marina de Olh\u00e3o. Situado a aproximadamente 15 Km do Aeroporto de Faro. Se necessitar de mais informa\u00e7\u00f5es entre em contato connosco.\" \/>\n<meta property=\"og:url\" content=\"https:\/\/www.realmarinaresidence.realhotelsgroup.com\/pt-pt\/contactos\/\" \/>\n<meta property=\"og:site_name\" content=\"Real Marina Residence\" \/>\n<meta property=\"article:modified_time\" content=\"2024-12-11T08:49:49+00:00\" \/>\n<meta property=\"og:image\" content=\"https:\/\/www.realmarinaresidence.realhotelsgroup.com\/wp-content\/uploads\/sites\/334\/2021\/07\/real-marina-hotel-olhao8.jpg\" \/>\n\t<meta property=\"og:image:width\" content=\"1601\" \/>\n\t<meta property=\"og:image:height\" content=\"1200\" \/>\n\t<meta property=\"og:image:type\" content=\"image\/jpeg\" \/>\n<meta name=\"twitter:card\" content=\"summary_large_image\" \/>\n<meta name=\"twitter:label1\" content=\"Tempo estimado de leitura\" \/>\n\t<meta name=\"twitter:data1\" content=\"1 minuto\" \/>\n<script type=\"application\/ld+json\" class=\"yoast-schema-graph\">{\"@context\":\"https:\/\/schema.org\",\"@graph\":[{\"@type\":\"WebPage\",\"@id\":\"https:\/\/www.realmarinaresidence.realhotelsgroup.com\/pt-pt\/contactos\/\",\"url\":\"https:\/\/www.realmarinaresidence.realhotelsgroup.com\/pt-pt\/contactos\/\",\"name\":\"Contactos - Real Marina Residence\",\"isPartOf\":{\"@id\":\"https:\/\/www.realmarinaresidence.realhotelsgroup.com\/pt-pt\/#website\"},\"primaryImageOfPage\":{\"@id\":\"https:\/\/www.realmarinaresidence.realhotelsgroup.com\/pt-pt\/contactos\/#primaryimage\"},\"image\":{\"@id\":\"https:\/\/www.realmarinaresidence.realhotelsgroup.com\/pt-pt\/contactos\/#primaryimage\"},\"thumbnailUrl\":\"https:\/\/www.realmarinaresidence.realhotelsgroup.com\/wp-content\/uploads\/sites\/334\/2021\/07\/real-marina-hotel-olhao8.jpg\",\"datePublished\":\"2021-07-27T17:13:55+00:00\",\"dateModified\":\"2024-12-11T08:49:49+00:00\",\"breadcrumb\":{\"@id\":\"https:\/\/www.realmarinaresidence.realhotelsgroup.com\/pt-pt\/contactos\/#breadcrumb\"},\"inLanguage\":\"pt-PT\",\"potentialAction\":[{\"@type\":\"ReadAction\",\"target\":[\"https:\/\/www.realmarinaresidence.realhotelsgroup.com\/pt-pt\/contactos\/\"]}]},{\"@type\":\"ImageObject\",\"inLanguage\":\"pt-PT\",\"@id\":\"https:\/\/www.realmarinaresidence.realhotelsgroup.com\/pt-pt\/contactos\/#primaryimage\",\"url\":\"https:\/\/www.realmarinaresidence.realhotelsgroup.com\/wp-content\/uploads\/sites\/334\/2021\/07\/real-marina-hotel-olhao8.jpg\",\"contentUrl\":\"https:\/\/www.realmarinaresidence.realhotelsgroup.com\/wp-content\/uploads\/sites\/334\/2021\/07\/real-marina-hotel-olhao8.jpg\",\"width\":1601,\"height\":1200},{\"@type\":\"BreadcrumbList\",\"@id\":\"https:\/\/www.realmarinaresidence.realhotelsgroup.com\/pt-pt\/contactos\/#breadcrumb\",\"itemListElement\":[{\"@type\":\"ListItem\",\"position\":1,\"name\":\"Home\",\"item\":\"https:\/\/www.realmarinaresidence.realhotelsgroup.com\/pt-pt\/\"},{\"@type\":\"ListItem\",\"position\":2,\"name\":\"Contactos\"}]},{\"@type\":\"WebSite\",\"@id\":\"https:\/\/www.realmarinaresidence.realhotelsgroup.com\/pt-pt\/#website\",\"url\":\"https:\/\/www.realmarinaresidence.realhotelsgroup.com\/pt-pt\/\",\"name\":\"Real Marina Residence\",\"description\":\"Just another ms.decms.eu site\",\"potentialAction\":[{\"@type\":\"SearchAction\",\"target\":{\"@type\":\"EntryPoint\",\"urlTemplate\":\"https:\/\/www.realmarinaresidence.realhotelsgroup.com\/pt-pt\/?s={search_term_string}\"},\"query-input\":{\"@type\":\"PropertyValueSpecification\",\"valueRequired\":true,\"valueName\":\"search_term_string\"}}],\"inLanguage\":\"pt-PT\"}]}<\/script>\n<!-- \/ Yoast SEO plugin. -->","yoast_head_json":{"title":"Contactos - Real Marina Residence","robots":{"index":"index","follow":"follow","max-snippet":"max-snippet:-1","max-image-preview":"max-image-preview:large","max-video-preview":"max-video-preview:-1"},"canonical":"https:\/\/www.realmarinaresidence.realhotelsgroup.com\/pt-pt\/contactos\/","og_locale":"pt_PT","og_type":"article","og_title":"Contactos - Real Marina Residence","og_description":"O Real Marina Residence est\u00e1 localizado em Olh\u00e3o mesmo em frente \u00e0 Ria Formosa e \u00e0 Marina de Olh\u00e3o. Situado a aproximadamente 15 Km do Aeroporto de Faro. Se necessitar de mais informa\u00e7\u00f5es entre em contato connosco.","og_url":"https:\/\/www.realmarinaresidence.realhotelsgroup.com\/pt-pt\/contactos\/","og_site_name":"Real Marina Residence","article_modified_time":"2024-12-11T08:49:49+00:00","og_image":[{"width":1601,"height":1200,"url":"https:\/\/www.realmarinaresidence.realhotelsgroup.com\/wp-content\/uploads\/sites\/334\/2021\/07\/real-marina-hotel-olhao8.jpg","type":"image\/jpeg"}],"twitter_card":"summary_large_image","twitter_misc":{"Tempo estimado de leitura":"1 minuto"},"schema":{"@context":"https:\/\/schema.org","@graph":[{"@type":"WebPage","@id":"https:\/\/www.realmarinaresidence.realhotelsgroup.com\/pt-pt\/contactos\/","url":"https:\/\/www.realmarinaresidence.realhotelsgroup.com\/pt-pt\/contactos\/","name":"Contactos - Real Marina Residence","isPartOf":{"@id":"https:\/\/www.realmarinaresidence.realhotelsgroup.com\/pt-pt\/#website"},"primaryImageOfPage":{"@id":"https:\/\/www.realmarinaresidence.realhotelsgroup.com\/pt-pt\/contactos\/#primaryimage"},"image":{"@id":"https:\/\/www.realmarinaresidence.realhotelsgroup.com\/pt-pt\/contactos\/#primaryimage"},"thumbnailUrl":"https:\/\/www.realmarinaresidence.realhotelsgroup.com\/wp-content\/uploads\/sites\/334\/2021\/07\/real-marina-hotel-olhao8.jpg","datePublished":"2021-07-27T17:13:55+00:00","dateModified":"2024-12-11T08:49:49+00:00","breadcrumb":{"@id":"https:\/\/www.realmarinaresidence.realhotelsgroup.com\/pt-pt\/contactos\/#breadcrumb"},"inLanguage":"pt-PT","potentialAction":[{"@type":"ReadAction","target":["https:\/\/www.realmarinaresidence.realhotelsgroup.com\/pt-pt\/contactos\/"]}]},{"@type":"ImageObject","inLanguage":"pt-PT","@id":"https:\/\/www.realmarinaresidence.realhotelsgroup.com\/pt-pt\/contactos\/#primaryimage","url":"https:\/\/www.realmarinaresidence.realhotelsgroup.com\/wp-content\/uploads\/sites\/334\/2021\/07\/real-marina-hotel-olhao8.jpg","contentUrl":"https:\/\/www.realmarinaresidence.realhotelsgroup.com\/wp-content\/uploads\/sites\/334\/2021\/07\/real-marina-hotel-olhao8.jpg","width":1601,"height":1200},{"@type":"BreadcrumbList","@id":"https:\/\/www.realmarinaresidence.realhotelsgroup.com\/pt-pt\/contactos\/#breadcrumb","itemListElement":[{"@type":"ListItem","position":1,"name":"Home","item":"https:\/\/www.realmarinaresidence.realhotelsgroup.com\/pt-pt\/"},{"@type":"ListItem","position":2,"name":"Contactos"}]},{"@type":"WebSite","@id":"https:\/\/www.realmarinaresidence.realhotelsgroup.com\/pt-pt\/#website","url":"https:\/\/www.realmarinaresidence.realhotelsgroup.com\/pt-pt\/","name":"Real Marina Residence","description":"Just another ms.decms.eu site","potentialAction":[{"@type":"SearchAction","target":{"@type":"EntryPoint","urlTemplate":"https:\/\/www.realmarinaresidence.realhotelsgroup.com\/pt-pt\/?s={search_term_string}"},"query-input":{"@type":"PropertyValueSpecification","valueRequired":true,"valueName":"search_term_string"}}],"inLanguage":"pt-PT"}]}},"acf":[],"_links":{"self":[{"href":"https:\/\/www.realmarinaresidence.realhotelsgroup.com\/pt-pt\/wp-json\/wp\/v2\/pages\/93","targetHints":{"allow":["GET"]}}],"collection":[{"href":"https:\/\/www.realmarinaresidence.realhotelsgroup.com\/pt-pt\/wp-json\/wp\/v2\/pages"}],"about":[{"href":"https:\/\/www.realmarinaresidence.realhotelsgroup.com\/pt-pt\/wp-json\/wp\/v2\/types\/page"}],"author":[{"embeddable":true,"href":"https:\/\/www.realmarinaresidence.realhotelsgroup.com\/pt-pt\/wp-json\/wp\/v2\/users\/241"}],"replies":[{"embeddable":true,"href":"https:\/\/www.realmarinaresidence.realhotelsgroup.com\/pt-pt\/wp-json\/wp\/v2\/comments?post=93"}],"version-history":[{"count":0,"href":"https:\/\/www.realmarinaresidence.realhotelsgroup.com\/pt-pt\/wp-json\/wp\/v2\/pages\/93\/revisions"}],"wp:featuredmedia":[{"embeddable":true,"href":"https:\/\/www.realmarinaresidence.realhotelsgroup.com\/pt-pt\/wp-json\/wp\/v2\/media\/91"}],"wp:attachment":[{"href":"https:\/\/www.realmarinaresidence.realhotelsgroup.com\/pt-pt\/wp-json\/wp\/v2\/media?parent=93"}],"curies":[{"name":"wp","href":"https:\/\/api.w.org\/{rel}","templated":true}]}}