{"id":66,"date":"2021-07-27T13:35:45","date_gmt":"2021-07-27T13:35:45","guid":{"rendered":"https:\/\/real-marina-residence.ms.decms.eu\/?page_id=66"},"modified":"2025-08-21T13:17:26","modified_gmt":"2025-08-21T13:17:26","slug":"apartamentos-ferias","status":"publish","type":"page","link":"https:\/\/www.realmarinaresidence.realhotelsgroup.com\/pt-pt\/apartamentos-ferias\/","title":{"rendered":"Apartamentos para F\u00e9rias"},"content":{"rendered":"<p>O <strong>Real Marina Residence<\/strong> \u00e9 um complexo de <strong>apartamentos no Algarve<\/strong> com uma<strong> localiza\u00e7\u00e3o privilegiada<\/strong> e uma vista maravilhosa sobre a <strong>Ria Formosa<\/strong> e a <strong>Marina de Olh\u00e3o<\/strong>, onde poder\u00e1 passar umas <strong>f\u00e9rias tranquilas<\/strong>, num Algarve mais aut\u00eantico e diferente, longe das multid\u00f5es, e onde at\u00e9 poder\u00e1 trazer o seu melhor amigo de quatro patas.<\/p>\n<p>S\u00e3o 80 <strong>apartamentos<\/strong> totalmente preparados para o receber! Com <strong>quartos e suites<\/strong> espa\u00e7osas, uma <strong>cozinha equipada<\/strong> com tudo o que ir\u00e1 necessitar para<strong> confecionar as suas refei\u00e7\u00f5es,<\/strong> <strong>salas<\/strong> amplas e com <strong>varanda com vista para o mar<\/strong>. Esta \u00e9 a solu\u00e7\u00e3o ideal para <strong>fam\u00edlias com crian\u00e7as ou beb\u00e9s<\/strong>, que necessitam de total liberdade, autonomia e privacidade para gerir as rotinas familiares durante as f\u00e9rias.<\/p>\n<p>Estes apartamentos com <strong>tipologias T1, T2 e T3<\/strong>, t\u00eam acesso exclusivo \u00e0 <strong>piscina exterior<\/strong>, localizada no topo de cada pr\u00e9dio, e est\u00e3o a uma dist\u00e2ncia de apenas 200 metros da Marina de Olh\u00e3o, onde poder\u00e1 apanhar um barco e conhecer as mais<strong> belas e desertas praias do Algarve<\/strong>.<\/p>\n<p>Se em vez de cozinhar as suas pr\u00f3prias refei\u00e7\u00f5es, lhe apetecer conhecer os pratos mais famosos da <strong>cozinha regional do Algarve<\/strong>, fa\u00e7a as suas <strong>refei\u00e7\u00f5es<\/strong> nos <strong>restaurantes<\/strong> do <strong>Real Marina Hotel &amp; Spa<\/strong> que est\u00e1 a 100 metros de dist\u00e2ncia.<br \/>\nEstes apartamentos s\u00e3o a op\u00e7\u00e3o ideal para umas <strong>f\u00e9rias em fam\u00edlia, viagens de neg\u00f3cios ou estadias prolongadas.<\/strong><\/p>\n<p>&nbsp;<\/p>\n","protected":false},"excerpt":{"rendered":"<p>O Real Marina Residence \u00e9 um complexo de apartamentos no Algarve com uma localiza\u00e7\u00e3o privilegiada e uma vista maravilhosa sobre a Ria Formosa e a Marina de Olh\u00e3o, onde poder\u00e1 passar umas f\u00e9rias tranquilas, num Algarve mais aut\u00eantico e diferente, longe das multid\u00f5es, e onde at\u00e9 poder\u00e1 trazer o seu melhor amigo de quatro patas. [&hellip;]<\/p>\n","protected":false},"author":241,"featured_media":0,"parent":0,"menu_order":20,"comment_status":"closed","ping_status":"closed","template":"template-apartments.php","meta":{"footnotes":""},"class_list":["post-66","page","type-page","status-publish","hentry"],"yoast_head":"<!-- This site is optimized with the Yoast SEO plugin v26.9 - https:\/\/yoast.com\/product\/yoast-seo-wordpress\/ -->\n<title>Apartamentos para F\u00e9rias - Real Marina Residence<\/title>\n<meta name=\"robots\" content=\"index, follow, max-snippet:-1, max-image-preview:large, max-video-preview:-1\" \/>\n<link rel=\"canonical\" href=\"https:\/\/www.realmarinaresidence.realhotelsgroup.com\/pt-pt\/apartamentos-ferias\/\" \/>\n<meta property=\"og:locale\" content=\"pt_PT\" \/>\n<meta property=\"og:type\" content=\"article\" \/>\n<meta property=\"og:title\" content=\"Apartamentos para F\u00e9rias - Real Marina Residence\" \/>\n<meta property=\"og:description\" content=\"O Real Marina Residence \u00e9 um complexo de apartamentos no Algarve com uma localiza\u00e7\u00e3o privilegiada e uma vista maravilhosa sobre a Ria Formosa e a Marina de Olh\u00e3o, onde poder\u00e1 passar umas f\u00e9rias tranquilas, num Algarve mais aut\u00eantico e diferente, longe das multid\u00f5es, e onde at\u00e9 poder\u00e1 trazer o seu melhor amigo de quatro patas. [&hellip;]\" \/>\n<meta property=\"og:url\" content=\"https:\/\/www.realmarinaresidence.realhotelsgroup.com\/pt-pt\/apartamentos-ferias\/\" \/>\n<meta property=\"og:site_name\" content=\"Real Marina Residence\" \/>\n<meta property=\"article:modified_time\" content=\"2025-08-21T13:17:26+00:00\" \/>\n<meta name=\"twitter:card\" content=\"summary_large_image\" \/>\n<meta name=\"twitter:label1\" content=\"Tempo estimado de leitura\" \/>\n\t<meta name=\"twitter:data1\" content=\"1 minuto\" \/>\n<script type=\"application\/ld+json\" class=\"yoast-schema-graph\">{\"@context\":\"https:\/\/schema.org\",\"@graph\":[{\"@type\":\"WebPage\",\"@id\":\"https:\/\/www.realmarinaresidence.realhotelsgroup.com\/pt-pt\/apartamentos-ferias\/\",\"url\":\"https:\/\/www.realmarinaresidence.realhotelsgroup.com\/pt-pt\/apartamentos-ferias\/\",\"name\":\"Apartamentos para F\u00e9rias - Real Marina Residence\",\"isPartOf\":{\"@id\":\"https:\/\/www.realmarinaresidence.realhotelsgroup.com\/pt-pt\/#website\"},\"datePublished\":\"2021-07-27T13:35:45+00:00\",\"dateModified\":\"2025-08-21T13:17:26+00:00\",\"breadcrumb\":{\"@id\":\"https:\/\/www.realmarinaresidence.realhotelsgroup.com\/pt-pt\/apartamentos-ferias\/#breadcrumb\"},\"inLanguage\":\"pt-PT\",\"potentialAction\":[{\"@type\":\"ReadAction\",\"target\":[\"https:\/\/www.realmarinaresidence.realhotelsgroup.com\/pt-pt\/apartamentos-ferias\/\"]}]},{\"@type\":\"BreadcrumbList\",\"@id\":\"https:\/\/www.realmarinaresidence.realhotelsgroup.com\/pt-pt\/apartamentos-ferias\/#breadcrumb\",\"itemListElement\":[{\"@type\":\"ListItem\",\"position\":1,\"name\":\"Home\",\"item\":\"https:\/\/www.realmarinaresidence.realhotelsgroup.com\/pt-pt\/\"},{\"@type\":\"ListItem\",\"position\":2,\"name\":\"Apartamentos para F\u00e9rias\"}]},{\"@type\":\"WebSite\",\"@id\":\"https:\/\/www.realmarinaresidence.realhotelsgroup.com\/pt-pt\/#website\",\"url\":\"https:\/\/www.realmarinaresidence.realhotelsgroup.com\/pt-pt\/\",\"name\":\"Real Marina Residence\",\"description\":\"Just another ms.decms.eu site\",\"potentialAction\":[{\"@type\":\"SearchAction\",\"target\":{\"@type\":\"EntryPoint\",\"urlTemplate\":\"https:\/\/www.realmarinaresidence.realhotelsgroup.com\/pt-pt\/?s={search_term_string}\"},\"query-input\":{\"@type\":\"PropertyValueSpecification\",\"valueRequired\":true,\"valueName\":\"search_term_string\"}}],\"inLanguage\":\"pt-PT\"}]}<\/script>\n<!-- \/ Yoast SEO plugin. -->","yoast_head_json":{"title":"Apartamentos para F\u00e9rias - Real Marina Residence","robots":{"index":"index","follow":"follow","max-snippet":"max-snippet:-1","max-image-preview":"max-image-preview:large","max-video-preview":"max-video-preview:-1"},"canonical":"https:\/\/www.realmarinaresidence.realhotelsgroup.com\/pt-pt\/apartamentos-ferias\/","og_locale":"pt_PT","og_type":"article","og_title":"Apartamentos para F\u00e9rias - Real Marina Residence","og_description":"O Real Marina Residence \u00e9 um complexo de apartamentos no Algarve com uma localiza\u00e7\u00e3o privilegiada e uma vista maravilhosa sobre a Ria Formosa e a Marina de Olh\u00e3o, onde poder\u00e1 passar umas f\u00e9rias tranquilas, num Algarve mais aut\u00eantico e diferente, longe das multid\u00f5es, e onde at\u00e9 poder\u00e1 trazer o seu melhor amigo de quatro patas. [&hellip;]","og_url":"https:\/\/www.realmarinaresidence.realhotelsgroup.com\/pt-pt\/apartamentos-ferias\/","og_site_name":"Real Marina Residence","article_modified_time":"2025-08-21T13:17:26+00:00","twitter_card":"summary_large_image","twitter_misc":{"Tempo estimado de leitura":"1 minuto"},"schema":{"@context":"https:\/\/schema.org","@graph":[{"@type":"WebPage","@id":"https:\/\/www.realmarinaresidence.realhotelsgroup.com\/pt-pt\/apartamentos-ferias\/","url":"https:\/\/www.realmarinaresidence.realhotelsgroup.com\/pt-pt\/apartamentos-ferias\/","name":"Apartamentos para F\u00e9rias - Real Marina Residence","isPartOf":{"@id":"https:\/\/www.realmarinaresidence.realhotelsgroup.com\/pt-pt\/#website"},"datePublished":"2021-07-27T13:35:45+00:00","dateModified":"2025-08-21T13:17:26+00:00","breadcrumb":{"@id":"https:\/\/www.realmarinaresidence.realhotelsgroup.com\/pt-pt\/apartamentos-ferias\/#breadcrumb"},"inLanguage":"pt-PT","potentialAction":[{"@type":"ReadAction","target":["https:\/\/www.realmarinaresidence.realhotelsgroup.com\/pt-pt\/apartamentos-ferias\/"]}]},{"@type":"BreadcrumbList","@id":"https:\/\/www.realmarinaresidence.realhotelsgroup.com\/pt-pt\/apartamentos-ferias\/#breadcrumb","itemListElement":[{"@type":"ListItem","position":1,"name":"Home","item":"https:\/\/www.realmarinaresidence.realhotelsgroup.com\/pt-pt\/"},{"@type":"ListItem","position":2,"name":"Apartamentos para F\u00e9rias"}]},{"@type":"WebSite","@id":"https:\/\/www.realmarinaresidence.realhotelsgroup.com\/pt-pt\/#website","url":"https:\/\/www.realmarinaresidence.realhotelsgroup.com\/pt-pt\/","name":"Real Marina Residence","description":"Just another ms.decms.eu site","potentialAction":[{"@type":"SearchAction","target":{"@type":"EntryPoint","urlTemplate":"https:\/\/www.realmarinaresidence.realhotelsgroup.com\/pt-pt\/?s={search_term_string}"},"query-input":{"@type":"PropertyValueSpecification","valueRequired":true,"valueName":"search_term_string"}}],"inLanguage":"pt-PT"}]}},"acf":[],"_links":{"self":[{"href":"https:\/\/www.realmarinaresidence.realhotelsgroup.com\/pt-pt\/wp-json\/wp\/v2\/pages\/66","targetHints":{"allow":["GET"]}}],"collection":[{"href":"https:\/\/www.realmarinaresidence.realhotelsgroup.com\/pt-pt\/wp-json\/wp\/v2\/pages"}],"about":[{"href":"https:\/\/www.realmarinaresidence.realhotelsgroup.com\/pt-pt\/wp-json\/wp\/v2\/types\/page"}],"author":[{"embeddable":true,"href":"https:\/\/www.realmarinaresidence.realhotelsgroup.com\/pt-pt\/wp-json\/wp\/v2\/users\/241"}],"replies":[{"embeddable":true,"href":"https:\/\/www.realmarinaresidence.realhotelsgroup.com\/pt-pt\/wp-json\/wp\/v2\/comments?post=66"}],"version-history":[{"count":0,"href":"https:\/\/www.realmarinaresidence.realhotelsgroup.com\/pt-pt\/wp-json\/wp\/v2\/pages\/66\/revisions"}],"wp:attachment":[{"href":"https:\/\/www.realmarinaresidence.realhotelsgroup.com\/pt-pt\/wp-json\/wp\/v2\/media?parent=66"}],"curies":[{"name":"wp","href":"https:\/\/api.w.org\/{rel}","templated":true}]}}