{"id":56,"date":"2021-07-27T09:02:50","date_gmt":"2021-07-27T09:02:50","guid":{"rendered":"https:\/\/real-marina-residence.ms.decms.eu\/?page_id=56"},"modified":"2026-04-30T15:37:08","modified_gmt":"2026-04-30T15:37:08","slug":"real-marina-residence","status":"publish","type":"page","link":"https:\/\/www.realmarinaresidence.realhotelsgroup.com\/pt-pt\/","title":{"rendered":"Real Marina Residence"},"content":{"rendered":"<p>O <strong>Real Marina Residence<\/strong> \u00e9 um complexo de <strong>apartamentos no Algarve<\/strong>, <strong>Pet Friendly<\/strong>, com uma localiza\u00e7\u00e3o privilegiada e uma vista maravilhosa sobre a <strong>Ria Formosa<\/strong> e a <strong>Marina de Olh\u00e3o<\/strong>, onde poder\u00e1 passar umas f\u00e9rias tranquilas, num Algarve mais aut\u00eantico e diferente, longe das multid\u00f5es.<\/p>\n<p>S\u00e3o 80 apartamentos totalmente preparados para o receber, a si e \u00e0 sua fam\u00edlia, n\u00e3o esquecendo ao seu <strong>amigo de 4 patas<\/strong>! Com <strong>quartos e suites espa\u00e7osas<\/strong>, uma <strong>cozinha equipada<\/strong> com tudo o que ir\u00e1 necessitar para confecionar as suas refei\u00e7\u00f5es, <strong>salas amplas e com varanda com vista para o mar<\/strong>. Esta \u00e9 a solu\u00e7\u00e3o ideal para <strong>fam\u00edlias com crian\u00e7as ou beb\u00e9s<\/strong>, que necessitam de total liberdade, autonomia e privacidade para gerir as rotinas familiares durante as f\u00e9rias.<\/p>\n","protected":false},"excerpt":{"rendered":"<p>O Real Marina Residence \u00e9 um complexo de apartamentos no Algarve, Pet Friendly, com uma localiza\u00e7\u00e3o privilegiada e uma vista maravilhosa sobre a Ria Formosa e a Marina de Olh\u00e3o, onde poder\u00e1 passar umas f\u00e9rias tranquilas, num Algarve mais aut\u00eantico e diferente, longe das multid\u00f5es. S\u00e3o 80 apartamentos totalmente preparados para o receber, a si [&hellip;]<\/p>\n","protected":false},"author":36,"featured_media":0,"parent":0,"menu_order":0,"comment_status":"closed","ping_status":"open","template":"","meta":{"footnotes":""},"class_list":["post-56","page","type-page","status-publish","hentry"],"yoast_head":"<!-- This site is optimized with the Yoast SEO plugin v26.9 - https:\/\/yoast.com\/product\/yoast-seo-wordpress\/ -->\n<title>Real Marina Residence - Real Marina Residence<\/title>\n<meta name=\"robots\" content=\"index, follow, max-snippet:-1, max-image-preview:large, max-video-preview:-1\" \/>\n<link rel=\"canonical\" href=\"https:\/\/www.realmarinaresidence.realhotelsgroup.com\/pt-pt\/\" \/>\n<meta property=\"og:locale\" content=\"pt_PT\" \/>\n<meta property=\"og:type\" content=\"article\" \/>\n<meta property=\"og:title\" content=\"Real Marina Residence - Real Marina Residence\" \/>\n<meta property=\"og:description\" content=\"O Real Marina Residence \u00e9 um complexo de apartamentos no Algarve, Pet Friendly, com uma localiza\u00e7\u00e3o privilegiada e uma vista maravilhosa sobre a Ria Formosa e a Marina de Olh\u00e3o, onde poder\u00e1 passar umas f\u00e9rias tranquilas, num Algarve mais aut\u00eantico e diferente, longe das multid\u00f5es. S\u00e3o 80 apartamentos totalmente preparados para o receber, a si [&hellip;]\" \/>\n<meta property=\"og:url\" content=\"https:\/\/www.realmarinaresidence.realhotelsgroup.com\/pt-pt\/\" \/>\n<meta property=\"og:site_name\" content=\"Real Marina Residence\" \/>\n<meta property=\"article:modified_time\" content=\"2026-04-30T15:37:08+00:00\" \/>\n<meta name=\"twitter:card\" content=\"summary_large_image\" \/>\n<meta name=\"twitter:label1\" content=\"Tempo estimado de leitura\" \/>\n\t<meta name=\"twitter:data1\" content=\"1 minuto\" \/>\n<script type=\"application\/ld+json\" class=\"yoast-schema-graph\">{\"@context\":\"https:\/\/schema.org\",\"@graph\":[{\"@type\":\"WebPage\",\"@id\":\"https:\/\/www.realmarinaresidence.realhotelsgroup.com\/pt-pt\/\",\"url\":\"https:\/\/www.realmarinaresidence.realhotelsgroup.com\/pt-pt\/\",\"name\":\"Real Marina Residence - Real Marina Residence\",\"isPartOf\":{\"@id\":\"https:\/\/www.realmarinaresidence.realhotelsgroup.com\/pt-pt\/#website\"},\"datePublished\":\"2021-07-27T09:02:50+00:00\",\"dateModified\":\"2026-04-30T15:37:08+00:00\",\"breadcrumb\":{\"@id\":\"https:\/\/www.realmarinaresidence.realhotelsgroup.com\/pt-pt\/#breadcrumb\"},\"inLanguage\":\"pt-PT\",\"potentialAction\":[{\"@type\":\"ReadAction\",\"target\":[\"https:\/\/www.realmarinaresidence.realhotelsgroup.com\/pt-pt\/\"]}]},{\"@type\":\"BreadcrumbList\",\"@id\":\"https:\/\/www.realmarinaresidence.realhotelsgroup.com\/pt-pt\/#breadcrumb\",\"itemListElement\":[{\"@type\":\"ListItem\",\"position\":1,\"name\":\"Home\",\"item\":\"https:\/\/www.realmarinaresidence.realhotelsgroup.com\/pt-pt\/\"},{\"@type\":\"ListItem\",\"position\":2,\"name\":\"Real Marina Residence\"}]},{\"@type\":\"WebSite\",\"@id\":\"https:\/\/www.realmarinaresidence.realhotelsgroup.com\/pt-pt\/#website\",\"url\":\"https:\/\/www.realmarinaresidence.realhotelsgroup.com\/pt-pt\/\",\"name\":\"Real Marina Residence\",\"description\":\"Just another ms.decms.eu site\",\"potentialAction\":[{\"@type\":\"SearchAction\",\"target\":{\"@type\":\"EntryPoint\",\"urlTemplate\":\"https:\/\/www.realmarinaresidence.realhotelsgroup.com\/pt-pt\/?s={search_term_string}\"},\"query-input\":{\"@type\":\"PropertyValueSpecification\",\"valueRequired\":true,\"valueName\":\"search_term_string\"}}],\"inLanguage\":\"pt-PT\"}]}<\/script>\n<!-- \/ Yoast SEO plugin. -->","yoast_head_json":{"title":"Real Marina Residence - Real Marina Residence","robots":{"index":"index","follow":"follow","max-snippet":"max-snippet:-1","max-image-preview":"max-image-preview:large","max-video-preview":"max-video-preview:-1"},"canonical":"https:\/\/www.realmarinaresidence.realhotelsgroup.com\/pt-pt\/","og_locale":"pt_PT","og_type":"article","og_title":"Real Marina Residence - Real Marina Residence","og_description":"O Real Marina Residence \u00e9 um complexo de apartamentos no Algarve, Pet Friendly, com uma localiza\u00e7\u00e3o privilegiada e uma vista maravilhosa sobre a Ria Formosa e a Marina de Olh\u00e3o, onde poder\u00e1 passar umas f\u00e9rias tranquilas, num Algarve mais aut\u00eantico e diferente, longe das multid\u00f5es. S\u00e3o 80 apartamentos totalmente preparados para o receber, a si [&hellip;]","og_url":"https:\/\/www.realmarinaresidence.realhotelsgroup.com\/pt-pt\/","og_site_name":"Real Marina Residence","article_modified_time":"2026-04-30T15:37:08+00:00","twitter_card":"summary_large_image","twitter_misc":{"Tempo estimado de leitura":"1 minuto"},"schema":{"@context":"https:\/\/schema.org","@graph":[{"@type":"WebPage","@id":"https:\/\/www.realmarinaresidence.realhotelsgroup.com\/pt-pt\/","url":"https:\/\/www.realmarinaresidence.realhotelsgroup.com\/pt-pt\/","name":"Real Marina Residence - Real Marina Residence","isPartOf":{"@id":"https:\/\/www.realmarinaresidence.realhotelsgroup.com\/pt-pt\/#website"},"datePublished":"2021-07-27T09:02:50+00:00","dateModified":"2026-04-30T15:37:08+00:00","breadcrumb":{"@id":"https:\/\/www.realmarinaresidence.realhotelsgroup.com\/pt-pt\/#breadcrumb"},"inLanguage":"pt-PT","potentialAction":[{"@type":"ReadAction","target":["https:\/\/www.realmarinaresidence.realhotelsgroup.com\/pt-pt\/"]}]},{"@type":"BreadcrumbList","@id":"https:\/\/www.realmarinaresidence.realhotelsgroup.com\/pt-pt\/#breadcrumb","itemListElement":[{"@type":"ListItem","position":1,"name":"Home","item":"https:\/\/www.realmarinaresidence.realhotelsgroup.com\/pt-pt\/"},{"@type":"ListItem","position":2,"name":"Real Marina Residence"}]},{"@type":"WebSite","@id":"https:\/\/www.realmarinaresidence.realhotelsgroup.com\/pt-pt\/#website","url":"https:\/\/www.realmarinaresidence.realhotelsgroup.com\/pt-pt\/","name":"Real Marina Residence","description":"Just another ms.decms.eu site","potentialAction":[{"@type":"SearchAction","target":{"@type":"EntryPoint","urlTemplate":"https:\/\/www.realmarinaresidence.realhotelsgroup.com\/pt-pt\/?s={search_term_string}"},"query-input":{"@type":"PropertyValueSpecification","valueRequired":true,"valueName":"search_term_string"}}],"inLanguage":"pt-PT"}]}},"acf":[],"_links":{"self":[{"href":"https:\/\/www.realmarinaresidence.realhotelsgroup.com\/pt-pt\/wp-json\/wp\/v2\/pages\/56","targetHints":{"allow":["GET"]}}],"collection":[{"href":"https:\/\/www.realmarinaresidence.realhotelsgroup.com\/pt-pt\/wp-json\/wp\/v2\/pages"}],"about":[{"href":"https:\/\/www.realmarinaresidence.realhotelsgroup.com\/pt-pt\/wp-json\/wp\/v2\/types\/page"}],"author":[{"embeddable":true,"href":"https:\/\/www.realmarinaresidence.realhotelsgroup.com\/pt-pt\/wp-json\/wp\/v2\/users\/36"}],"replies":[{"embeddable":true,"href":"https:\/\/www.realmarinaresidence.realhotelsgroup.com\/pt-pt\/wp-json\/wp\/v2\/comments?post=56"}],"version-history":[{"count":0,"href":"https:\/\/www.realmarinaresidence.realhotelsgroup.com\/pt-pt\/wp-json\/wp\/v2\/pages\/56\/revisions"}],"wp:attachment":[{"href":"https:\/\/www.realmarinaresidence.realhotelsgroup.com\/pt-pt\/wp-json\/wp\/v2\/media?parent=56"}],"curies":[{"name":"wp","href":"https:\/\/api.w.org\/{rel}","templated":true}]}}